{"id":313,"date":"2024-12-23T07:43:45","date_gmt":"2024-12-23T06:43:45","guid":{"rendered":"https:\/\/rubido.law\/publications\/"},"modified":"2026-03-06T11:19:59","modified_gmt":"2026-03-06T10:19:59","slug":"publications","status":"publish","type":"page","link":"https:\/\/etude-nr.ch\/es\/publications\/","title":{"rendered":"Publicaciones"},"content":{"rendered":"<section class=\"section-hero \">\n          <div class=\"hero__background-image\"  style=\"background-image: url('https:\/\/etude-nr.ch\/wp-content\/uploads\/2026\/03\/EtudeNR_BG_3-scaled.jpg');\" >\n        <div class=\"hero__wrapper\" data-aos=\"fade-up\" data-aos-duration=\"1000\" data-aos-delay=\"150\">\n        <div class=\"sk-container\">\n          <div class=\"hero__inner\">\n            <div class=\"hero__box\">\n                              <p class=\"hero__title\">Notar\u00eda en Ginebra<\/p>\n                                            <div class=\"hero__content\">\n                  <h1>Autores de publicaciones<br \/>\nen \u00e1reas relacionadas<br \/>\ncon el derecho notarial.<\/h1>\n\n                <\/div>\n                                          <div class=\"hero__link\">\n                <a href=\"https:\/\/etude-nr.ch\/es\/publications\/#publications\" class=\"sk-btn sk-btn--white\" target=\"_self\">Nuestras Publicaciones<\/a>\n              <\/div>\n                          <\/div>\n          <\/div>\n        <\/div>\n      <\/div>\n  <\/div>\n      <\/section>\n\n\n<section  id=\"publications\"  class=\"publications__accordion section-overlap\"  style=\"--padding-desktop: 200px; --padding-mobile: 100px\">\n  <div class=\"sk-container\">\n    <div class=\"section-accordion \">\n      <div id=\"line\"><\/div>\n      <div class=\"sk-container\">\n                  <div class=\"section-accordion-item js-accordion\" data-aos=\"fade-up\" data-aos-duration=\"1000\" data-aos-delay=\"150\" role=\"region\" aria-expanded=\"false\" aria-labelledby=\"accordion-header-1\">\n                          <div class=\"section-accordion-item__shown js-accordion-shown\" tabindex=\"0\" aria-controls=\"accordion-content-1\">\n                <h2>Derecho inmobiliario<span class=\"icon\"><\/span><\/h2>\n              <\/div>\n                                      <div id=\"accordion-content-1\" class=\"section-accordion-item__hidden js-accordion-hidden\">\n                <p>RUBIDO J-M, <em>Le contrat de vente immobili\u00e8re<\/em><br \/>\n<span style=\"color: #adc6cf;\">in : Marchand S., Chappuis Ch., Hirsch L. (\u00e9ds), Recueil de contrats commerciaux, B\u00e2le, Helbing Lichtenhahn, 2026, p. 305-325<\/span><\/p>\n<p>RUBIDO J-M,\u00a0<em>La part de copropri\u00e9t\u00e9 d\u2019\u00e9tages en communaut\u00e9 h\u00e9r\u00e9ditaire<\/em><br \/>\n<span style=\"color: #adc6cf;\">in : REVUE DE L\u2019AVOCAT 11\/12 2023, p.468-471<\/span><\/p>\n<p>RUBIDO J-M,\u00a0<em>L\u2019acquisition immobili\u00e8re<\/em><br \/>\n<span style=\"color: #adc6cf;\">Collection \u00ab La pratique du droit \u00bb, Schulthess \u00c9ditions Romandes, Gen\u00e8ve \/ Zurich 2022<\/span><\/p>\n<p>RUBIDO J-M,\u00a0<em>Contenu et exercice d\u2019une servitude de jardin : \u00e9clairage de l\u2019arr\u00eat du Tribunal f\u00e9d\u00e9ral du 30 avril 2018 (5A_473\/2017)<\/em><br \/>\n<span style=\"color: #adc6cf;\">in\u00a0: iusMail droit civil 10\/2018<\/span><\/p>\n<p>RUBIDO J-M,\u00a0<em>Le droit de pr\u00e9emption immobilier et le Registre foncier : questions choisies<br \/>\n<\/em><span style=\"color: #adc6cf;\">in : RNRF, 1\/2015 p.1-15<\/span><em><br \/>\n<\/em><\/p>\n<p>RUBIDO J-M,<em>\u00a0L\u2019exercice du droit de pr\u00e9emption immobilier au regard du droit priv\u00e9<br \/>\n<\/em><span style=\"color: #adc6cf;\">th\u00e8se de doctorat, Gen\u00e8ve, 2012<\/span><em><br \/>\n<\/em><\/p>\n\n              <\/div>\n                      <\/div>\n                  <div class=\"section-accordion-item js-accordion\" data-aos=\"fade-up\" data-aos-duration=\"1000\" data-aos-delay=\"150\" role=\"region\" aria-expanded=\"false\" aria-labelledby=\"accordion-header-2\">\n                          <div class=\"section-accordion-item__shown js-accordion-shown\" tabindex=\"0\" aria-controls=\"accordion-content-2\">\n                <h2>Derecho de sucesiones<span class=\"icon\"><\/span><\/h2>\n              <\/div>\n                                      <div id=\"accordion-content-2\" class=\"section-accordion-item__hidden js-accordion-hidden\">\n                <div id=\"1550818653780-0d5002a8-3725\" data-vc-content=\".vc_tta-panel-body\">\n<div>\n<div>\n<div>\n<p>RUBIDO J-M, PIOTET D, BONNARD M, AVONDET M, <em>Chronique de jurisprudence<\/em><br \/>\n<span style=\"color: #adc6cf;\">in : Not@lex 2\/2025<\/span><\/p>\n<p>RUBIDO J-M,\u00a0Le droit des successions, <em>Manuel didactique<\/em><br \/>\n<span style=\"color: #adc6cf;\">Schulthess \u00c9ditions Romandes, Gen\u00e8ve \/ Zurich 2025<\/span><\/p>\n<p>RUBIDO J-M, PIOTET D, VERREY B, BONNARD M, <em>Chronique de jurisprudence<\/em><br \/>\n<span style=\"color: #adc6cf;\">in : Not@lex 2\/2024<\/span><\/p>\n<p>RUBIDO J-M,\u00a0<em>La qualit\u00e9 du conjoint survivant au b\u00e9n\u00e9fice d\u2019un usufruit : \u00e9clairage de l\u2019arr\u00eat du Tribunal f\u00e9d\u00e9ral du 27 ao\u00fbt 2018\u00a0(5A_570\/2017)<\/em><br \/>\n<span style=\"color: #adc6cf;\">in\u00a0: iusMail droit civil 4\/2020<\/span><\/p>\n<p>RUBIDO J-M,\u00a0<em>Les droits successoraux du conjoint, partenaire ou concubin survivant<\/em><br \/>\n<span style=\"color: #adc6cf;\">in\u00a0: Vaerini M, Longchamp G, Rubido J-M (\u00e9ds), Le droit des personnes \u00e2g\u00e9es, Aspects de droit civil suisse et international, Berne, St\u00e4mpfli Editions SA, 2019, p. 171-200<\/span><\/p>\n<p>RUBIDO J-M,\u00a0<em>Le pouvoir d\u2019appr\u00e9ciation du juge dans l\u2019action en partage : \u00e9clairage de l\u2019arr\u00eat du Tribunal f\u00e9d\u00e9ral du 22 juin 2017 (5A_396\/2015)<\/em><br \/>\n<span style=\"color: #adc6cf;\">in\u00a0: iusMail droit civil 3\/2018<\/span><\/p>\n<p>RUBIDO J-M,\u00a0<em>La requ\u00eate en b\u00e9n\u00e9fice d\u2019inventaire : \u00e9clairage de l\u2019arr\u00eat du Tribunal f\u00e9d\u00e9ral du 28 juin 2017 (5A_246\/2017)<\/em><br \/>\n<span style=\"color: #adc6cf;\"><em>in\u00a0: iusMail droit civil 11\/2017<\/em><\/span><\/p>\n<p>RUBIDO J-M,\u00a0<em>La substitution fid\u00e9icommissaire : \u00e9clairage des arr\u00eats du Tribunal f\u00e9d\u00e9ral des 9 et 18 janvier 2017 (5A_267\/2016, 5A_377\/2016)<\/em><br \/>\n<span style=\"color: #adc6cf;\">in\u00a0: iusMail droit civil 6\/2017<\/span><\/p>\n<p>RUBIDO J-M, <em>La reconnaissance d\u2019un certificat d\u2019h\u00e9ritiers \u00e9tranger au regard de l\u2019ordre public suisse : analyse de l\u2019arr\u00eat du TF du 21 novembre 2016<\/em><br \/>\n<span style=\"color: #adc6cf;\">in\u00a0: iusMail droit civil 1\/2017<\/span><\/p>\n<p>RUBIDO J-M,\u00a0<em>L\u2019am\u00e9nagement de la r\u00e9serve l\u00e9gale en droit suisse et ses perspectives d\u2019avenir<\/em><br \/>\n<span style=\"color: #adc6cf;\">in\u00a0: successio 4\/2016, p. 335-352<\/span><\/p>\n<p>RUBIDO J-M,\u00a0<em>Commentaire des articles 580 \u00e0 592 CCS (b\u00e9n\u00e9fice d\u2019inventaire)<\/em><br \/>\n<span style=\"color: #adc6cf;\">in : Pichonnaz P, Fo\u00ebx B, Piotet D (\u00e9ds), Commentaire romand CC II, 2016<\/span><\/p>\n<\/div>\n<\/div>\n<\/div>\n<\/div>\n\n              <\/div>\n                      <\/div>\n                  <div class=\"section-accordion-item js-accordion\" data-aos=\"fade-up\" data-aos-duration=\"1000\" data-aos-delay=\"150\" role=\"region\" aria-expanded=\"false\" aria-labelledby=\"accordion-header-3\">\n                          <div class=\"section-accordion-item__shown js-accordion-shown\" tabindex=\"0\" aria-controls=\"accordion-content-3\">\n                <h2>Derecho agrario rural<span class=\"icon\"><\/span><\/h2>\n              <\/div>\n                                      <div id=\"accordion-content-3\" class=\"section-accordion-item__hidden js-accordion-hidden\">\n                <p>RUBIDO J-M,\u00a0<em>Droit foncier rural : le pouvoir d\u2019appr\u00e9ciation du juge<\/em><br \/>\n<span style=\"color: #adc6cf;\">in\u00a0: Papaux van Delden M.-L., Marchand S., Bernard F. (\u00e9ds), Le juge appr\u00e9cie. M\u00e9langes en l\u2019honneur de B\u00e9n\u00e9dict Fo\u00ebx, Gen\u00e8ve\/Z\u00fcrich, Schulthess Editions Romandes, 2023, p. 273-286<\/span><\/p>\n<p>RUBIDO J-M,\u00a0<em>Registre foncier et droit foncier rural : \u00e9tude de droit successoral suisse<\/em><br \/>\n<span style=\"color: #adc6cf;\">in\u00a0: Franz B., Mooser M., (\u00e9ds), Registre foncier et succession, Recueil des contributions du 9<sup>\u00e8me<\/sup>\u00a0S\u00e9minaire de formation de la Fondation Notariat Suisse du 2 septembre 2021, Gen\u00e8ve\/Z\u00fcrich\/B\u00e2le, Schulthess, 2021, p. 359-362.<\/span><\/p>\n<p>RUBIDO J-M, <em>Parcelle en zone agricole : non assujettissement \u00e0 la LDFR : \u00e9clairage de l\u2019arr\u00eat du Tribunal f\u00e9d\u00e9ral du 26 mai 2020\u00a0 (2C_1068\/2019)<\/em><br \/>\n<span style=\"color: #adc6cf;\">in\u00a0: iusNet droit civil 12\/2020<\/span><\/p>\n<p>RUBIDO J-M, <em>La demeure historique et le droit foncier rural<\/em><br \/>\n<span style=\"color: #adc6cf;\">in : Domus Antiqua Helvetica Gen\u00e8ve, cahier No 3, septembre 2015<\/span><\/p>\n<p>RUBIDO J-M,\u00a0<em>La planification successorale en droit foncier rural<\/em><br \/>\n<span style=\"color: #adc6cf;\">in : RNRF 4\/2014, p. 217-241<\/span><\/p>\n\n              <\/div>\n                      <\/div>\n                  <div class=\"section-accordion-item js-accordion\" data-aos=\"fade-up\" data-aos-duration=\"1000\" data-aos-delay=\"150\" role=\"region\" aria-expanded=\"false\" aria-labelledby=\"accordion-header-4\">\n                          <div class=\"section-accordion-item__shown js-accordion-shown\" tabindex=\"0\" aria-controls=\"accordion-content-4\">\n                <h2>Derecho de sociedades<span class=\"icon\"><\/span><\/h2>\n              <\/div>\n                                      <div id=\"accordion-content-4\" class=\"section-accordion-item__hidden js-accordion-hidden\">\n                <p>RUBIDO J-M, BAHAR R, <em>Les instruments du droit commercial au service de la planification successorale<\/em><br \/>\n<span style=\"color: #adc6cf;\">in : Franz B., Mooser M., (\u00e9ds), Droit commercial \u2013 Nouveaut\u00e9s et questions choisies, Recueil des contributions du 11\u00e8me S\u00e9minaire de formation de la Fondation Notariat Suisse du 11 septembre 2025, Gen\u00e8ve\/Z\u00fcrich, Schulthess, 2025, p. 39-83.<\/span><\/p>\n<p>BOYER D\/RUBIDO J-M\/ VALINCIUTE FAIVRE V, <em>Bon de participation et de jouissance : questions choisies en mati\u00e8re commerciale <\/em><br \/>\n<span style=\"color: #adc6cf;\">in : REPRAX 2019, p.132-160<\/span><\/p>\n\n              <\/div>\n                      <\/div>\n                  <div class=\"section-accordion-item js-accordion\" data-aos=\"fade-up\" data-aos-duration=\"1000\" data-aos-delay=\"150\" role=\"region\" aria-expanded=\"false\" aria-labelledby=\"accordion-header-5\">\n                          <div class=\"section-accordion-item__shown js-accordion-shown\" tabindex=\"0\" aria-controls=\"accordion-content-5\">\n                <h2>Derecho de los reg\u00edmenes matrimoniales<span class=\"icon\"><\/span><\/h2>\n              <\/div>\n                                      <div id=\"accordion-content-5\" class=\"section-accordion-item__hidden js-accordion-hidden\">\n                <div id=\"1550819014472-f9e45d95-7a02\" data-vc-content=\".vc_tta-panel-body\">\n<div>\n<div>\n<div>\n<p>RUBIDO J-M,\u00a0<em>L\u2019acquisition immobili\u00e8re au moyen d\u2019un pr\u00eat hypoth\u00e9caire ou de la LPP : quelle solution proposer aux couples au regard de la nouvelle jurisprudence<\/em><br \/>\n<span style=\"color: #adc6cf;\">in : SJ 2015 II p. 135-166<\/span><\/p>\n<\/div>\n<\/div>\n<\/div>\n<\/div>\n\n              <\/div>\n                      <\/div>\n                  <div class=\"section-accordion-item js-accordion\" data-aos=\"fade-up\" data-aos-duration=\"1000\" data-aos-delay=\"150\" role=\"region\" aria-expanded=\"false\" aria-labelledby=\"accordion-header-6\">\n                          <div class=\"section-accordion-item__shown js-accordion-shown\" tabindex=\"0\" aria-controls=\"accordion-content-6\">\n                <h2>Derecho fiscal<span class=\"icon\"><\/span><\/h2>\n              <\/div>\n                                      <div id=\"accordion-content-6\" class=\"section-accordion-item__hidden js-accordion-hidden\">\n                <div id=\"1550819037277-7bd3cff1-2ee8\" data-vc-content=\".vc_tta-panel-body\">\n<div id=\"1527533031974-a020220e-5fdd\" data-vc-content=\".vc_tta-panel-body\">\n<p>BOYER D\/RUBIDO J-M\/ VALINCIUTE FAIVRE V,\u00a0<em>Bon de jouissance\u00a0: aspects fiscaux<\/em><br \/>\n<span style=\"color: #adc6cf;\">in : not@lex 4\/2019, p.135-149<\/span><\/p>\n<\/div>\n<\/div>\n\n              <\/div>\n                      <\/div>\n                  <div class=\"section-accordion-item js-accordion\" data-aos=\"fade-up\" data-aos-duration=\"1000\" data-aos-delay=\"150\" role=\"region\" aria-expanded=\"false\" aria-labelledby=\"accordion-header-7\">\n                          <div class=\"section-accordion-item__shown js-accordion-shown\" tabindex=\"0\" aria-controls=\"accordion-content-7\">\n                <h2>Derecho de la representaci\u00f3n de adultos y menores<span class=\"icon\"><\/span><\/h2>\n              <\/div>\n                                      <div id=\"accordion-content-7\" class=\"section-accordion-item__hidden js-accordion-hidden\">\n                <p>RUBIDO J-M,\u00a0<em>Ex\u00e9cution du mandat pour cause d\u2019inaptitude : interpr\u00e9tation et conflits d\u2019int\u00e9r\u00eats<\/em><br \/>\n<span style=\"color: #adc6cf;\">in\u00a0: Mooser M., (\u00e9ds), Le mandat pour cause d\u2019inaptitude, Recueil des contributions du 10<sup>\u00e8me<\/sup>\u00a0S\u00e9minaire de formation de la Fondation Notariat Suisse du 6 septembre 2023, Gen\u00e8ve\/Z\u00fcrich\/B\u00e2le, Schulthess, 2023, p. 341-358<\/span><\/p>\n<p>JOHN-GIUDICE R\/RUBIDO J-M,\u00a0<em>Le mandat pour cause d\u2019inaptitude : d\u00e9finition, \u00e9tendue et choix du mandataire<\/em><br \/>\n<span style=\"color: #adc6cf;\">in\u00a0: Vaerini M, Longchamp G, Rubido J-M (\u00e9ds), Le droit des personnes \u00e2g\u00e9es, Aspects de droit civil suisse et international, Berne, St\u00e4mpfli Editions SA, 2019, p. 11-36<\/span><\/p>\n<p>RUBIDO J-M\/VAERINI M,\u00a0<em>Le mandat pour cause d\u2019inaptitude : le r\u00f4le de l\u2019autorit\u00e9, de l\u2019avocat et du notaire<\/em><br \/>\n<span style=\"color: #adc6cf;\">in\u00a0: SJ 2018 II, p. 27-57<\/span><\/p>\n\n              <\/div>\n                      <\/div>\n                  <div class=\"section-accordion-item js-accordion\" data-aos=\"fade-up\" data-aos-duration=\"1000\" data-aos-delay=\"150\" role=\"region\" aria-expanded=\"false\" aria-labelledby=\"accordion-header-8\">\n                          <div class=\"section-accordion-item__shown js-accordion-shown\" tabindex=\"0\" aria-controls=\"accordion-content-8\">\n                <h2>Derecho de las personas<span class=\"icon\"><\/span><\/h2>\n              <\/div>\n                                      <div id=\"accordion-content-8\" class=\"section-accordion-item__hidden js-accordion-hidden\">\n                <div id=\"1679400827544-856d4d2a-9213\" data-vc-content=\".vc_tta-panel-body\">\n<div>\n<div>\n<div>\n<div id=\"1527533031974-a020220e-5fdd\" data-vc-content=\".vc_tta-panel-body\">\n<div>\n<div>\n<div>\n<p>VAERINI M\/RUBIDO J-M,\u00a0<em>L\u2019avocat et le notaire face au droit des personnes \u00e2g\u00e9es<\/em><br \/>\n<span style=\"color: #adc6cf;\">in : Vaerini M, Longchamp G, Rubido J-M (\u00e9ds), Le droit des personnes \u00e2g\u00e9es, Aspects de droit civil suisse et international, Berne, St\u00e4mpfli Editions SA, 2019, p. 1-9<\/span><\/p>\n<\/div>\n<\/div>\n<\/div>\n<\/div>\n<\/div>\n<\/div>\n<\/div>\n<\/div>\n\n              <\/div>\n                      <\/div>\n                  <div class=\"section-accordion-item js-accordion\" data-aos=\"fade-up\" data-aos-duration=\"1000\" data-aos-delay=\"150\" role=\"region\" aria-expanded=\"false\" aria-labelledby=\"accordion-header-9\">\n                          <div class=\"section-accordion-item__shown js-accordion-shown\" tabindex=\"0\" aria-controls=\"accordion-content-9\">\n                <h2>Derecho internacional privado<span class=\"icon\"><\/span><\/h2>\n              <\/div>\n                                      <div id=\"accordion-content-9\" class=\"section-accordion-item__hidden js-accordion-hidden\">\n                <div>\n<div>\n<div>\n<div data-vc-action=\"collapse\">\n<div>\n<div>\n<div>\n<div id=\"1679400854185-de3625c3-bc93\" data-vc-content=\".vc_tta-panel-body\">\n<div>\n<div>\n<div>\n<div id=\"1527533031974-a020220e-5fdd\" data-vc-content=\".vc_tta-panel-body\">\n<div>\n<div>\n<div>\n<p>VAERINI M\/RUBIDO J-M, <em>Succession internationale en droit suisse, repr\u00e9sentation par le conjoint et certificat de coutume<\/em><br \/>\n<span style=\"color: #adc6cf;\">in : Vaerini M, Longchamp G, Rubido J-M (\u00e9ds), Le droit des personnes \u00e2g\u00e9es, La capacit\u00e9 juridique des personnes vuln\u00e9rables en droit compar\u00e9, Berne, St\u00e4mpfli Editions SA, 2026, p. 45-52<\/span><\/p>\n<p>VASQUEZ A\/RUBIDO J-M,\u00a0<em>L\u2019article 12 CDPH au regard du droit suisse de la protection de l\u2019adulte\u00a0: \u00e9tat des lieux et perspectives<\/em><br \/>\n<span style=\"color: #adc6cf;\">in\u00a0: Vaerini M, Longchamp G, Rubido J-M (\u00e9ds), Le droit des personnes \u00e2g\u00e9es, Aspects de droit civil suisse et international, Berne, St\u00e4mpfli Editions SA, 2019, p. 99-128<\/span><\/p>\n<p>RUBIDO J-M\/VALINCIUTE FAIVRE V,\u00a0<em>L\u2019ordre public au regard du droit international priv\u00e9 successoral<\/em><br \/>\n<span style=\"color: #adc6cf;\">in\u00a0: Bonomi A, Piotet D, Fr\u00e9sard Ph (\u00e9ds), Droit successoral international, Recueil des contributions du 8<sup>\u00e8me<\/sup>\u00a0S\u00e9minaire de formation de la Fondation Notariat Suisse et de la 2<sup>\u00e8me<\/sup>\u00a0Journ\u00e9e du droit patrimonial international du 3 septembre 2019, Gen\u00e8ve\/Z\u00fcrich\/B\u00e2le, Schulthess, 2019, p. 221-259<\/span><\/p>\n<p>RUBIDO J-M\/NAZ D,\u00a0<span style=\"color: #adc6cf;\">Questions pratiques en droit successoral France-Suisse<\/span><br \/>\n<span style=\"color: #adc6cf;\">in : Not@lex 2\/2013, p. 49-79<\/span><\/p>\n<\/div>\n<\/div>\n<\/div>\n<\/div>\n<\/div>\n<\/div>\n<\/div>\n<\/div>\n<\/div>\n<\/div>\n<\/div>\n<\/div>\n<\/div>\n<\/div>\n<\/div>\n\n              <\/div>\n                      <\/div>\n              <\/div>\n    <\/div>\n  <\/div>\n<\/section>\n","protected":false},"excerpt":{"rendered":"","protected":false},"author":4,"featured_media":0,"parent":0,"menu_order":0,"comment_status":"closed","ping_status":"closed","template":"","meta":{"_acf_changed":false,"footnotes":""},"class_list":["post-313","page","type-page","status-publish","hentry"],"acf":[],"_links":{"self":[{"href":"https:\/\/etude-nr.ch\/es\/wp-json\/wp\/v2\/pages\/313","targetHints":{"allow":["GET"]}}],"collection":[{"href":"https:\/\/etude-nr.ch\/es\/wp-json\/wp\/v2\/pages"}],"about":[{"href":"https:\/\/etude-nr.ch\/es\/wp-json\/wp\/v2\/types\/page"}],"author":[{"embeddable":true,"href":"https:\/\/etude-nr.ch\/es\/wp-json\/wp\/v2\/users\/4"}],"replies":[{"embeddable":true,"href":"https:\/\/etude-nr.ch\/es\/wp-json\/wp\/v2\/comments?post=313"}],"version-history":[{"count":12,"href":"https:\/\/etude-nr.ch\/es\/wp-json\/wp\/v2\/pages\/313\/revisions"}],"predecessor-version":[{"id":535,"href":"https:\/\/etude-nr.ch\/es\/wp-json\/wp\/v2\/pages\/313\/revisions\/535"}],"wp:attachment":[{"href":"https:\/\/etude-nr.ch\/es\/wp-json\/wp\/v2\/media?parent=313"}],"curies":[{"name":"wp","href":"https:\/\/api.w.org\/{rel}","templated":true}]}}