{"id":307,"date":"2024-12-23T07:43:18","date_gmt":"2024-12-23T06:43:18","guid":{"rendered":"https:\/\/rubido.law\/profils\/"},"modified":"2026-03-06T11:20:48","modified_gmt":"2026-03-06T10:20:48","slug":"equipo","status":"publish","type":"page","link":"https:\/\/etude-nr.ch\/es\/equipo\/","title":{"rendered":"Equipo"},"content":{"rendered":"<section class=\"section-hero \">\n          <div class=\"hero__background-image\"  style=\"background-image: url('https:\/\/etude-nr.ch\/wp-content\/uploads\/2026\/03\/EtudeNR_BG_2-scaled.jpg');\" >\n        <div class=\"hero__wrapper\" data-aos=\"fade-up\" data-aos-duration=\"1000\" data-aos-delay=\"150\">\n        <div class=\"sk-container\">\n          <div class=\"hero__inner\">\n            <div class=\"hero__box\">\n                              <p class=\"hero__title\">Notar\u00eda en Ginebra<\/p>\n                                            <div class=\"hero__content\">\n                  <h1>Sus proyectos legales.<br \/>\nNuestro compromiso notarial.<\/h1>\n\n                <\/div>\n                                          <div class=\"hero__link\">\n                <a href=\"https:\/\/etude-nr.ch\/es\/profils\/#team\" class=\"sk-btn sk-btn--white\" target=\"_self\">Conozca a Nuestro Equipo<\/a>\n              <\/div>\n                          <\/div>\n          <\/div>\n        <\/div>\n      <\/div>\n  <\/div>\n      <\/section>\n\n\n\n<section  id=\"team\"  class=\"section-team  section-overlap\" style=\"--padding-desktop: 200px; --padding-mobile: 100px\">\n\t<div class=\"sk-container\">\n        <div class=\"team__wrapper\">\n            <div class=\"team__item team-item\" data-aos=\"fade-up\" data-aos-duration=\"1000\" data-aos-delay=\"150\">\n        <div class=\"team-item__inner\">\n                  <div class=\"team-item__image\">\n            <img decoding=\"async\" src=\"https:\/\/etude-nr.ch\/wp-content\/uploads\/2025\/02\/Rubido_Portrait_Rubido.jpg\" alt=\"\">\n                        <div class=\"team-item__linkedin\">\n              <a href=\"https:\/\/www.linkedin.com\/in\/jos%C3%A9-miguel-rubido-7359ba280\/\" target=\"_blank\" rel=\"noopener noreferrer\">\n                <svg width=\"15\" height=\"15\" viewBox=\"0 0 15 15\" fill=\"none\" xmlns=\"http:\/\/www.w3.org\/2000\/svg\">\n                  <use href=\"#linkedIn-icon\"><\/use>\n                <\/svg>\n              <\/a>\n            <\/div>\n                      <\/div>\n                                <div class=\"team-item__content\">\n              <h2>Prof. Dr. Jos\u00e9-Miguel Rubido, Notario<\/h2>\n<p>Profesor en la Facultad de Derecho, Ciencias Penales y Administraci\u00f3n P\u00fablica de la Universidad de Lausanne. Imparte clases de derecho sucesorio, derechos reales y derecho notarial.<\/p>\n<p>Posee un doctorado en derecho inmobiliario y un DEA en derecho agrario rural de la Universidad de Ginebra, as\u00ed como un CAS en derecho de sucesiones de la Universidad de Lausanne.<\/p>\n<p>Custodio de los Actas de Ma\u00eetre Christian Goerg y Ma\u00eetre Cl\u00e9ment Deprez.<\/p>\n<p>Presidente del <a href=\"https:\/\/notaires-geneve.ch\/fr\/accueil\" target=\"_blank\" rel=\"noopener\">Colegio Notarial de Ginebra<\/a> (2021-2023), miembro de la <a href=\"https:\/\/snv-fsn.ch\/fr\/\" target=\"_blank\" rel=\"noopener\">Federaci\u00f3n Suiza de Notarios<\/a>\u00a0y miembro del Consejo de la <a href=\"https:\/\/www.notariat-suisse.ch\/fra\/\" target=\"_blank\" rel=\"noopener\">Fundaci\u00f3n Notariado Suizo<\/a>. Tambi\u00e9n es director del <a href=\"https:\/\/www.unil.ch\/cdn\/fr\/home.html\" target=\"_blank\" rel=\"noopener\">Centro de Derecho Notarial de la Universidad de Lausanne<\/a> y miembro del comit\u00e9 editorial de la revista <em><a href=\"https:\/\/www.notalex.ch\/\" target=\"_blank\" rel=\"noopener\">Notalex<\/a><\/em>.<\/p>\n<p class=\"p1\">Ma\u00eetre Rubido ejerce como notario desde su nombramiento en 2002.<\/p>\n<p class=\"p1\">Habla espa\u00f1ol.<\/p>\n\n            <\/div>\n                  <\/div>\n      <\/div>\n            <div class=\"team__item team-item\" data-aos=\"fade-up\" data-aos-duration=\"1000\" data-aos-delay=\"150\">\n        <div class=\"team-item__inner\">\n                  <div class=\"team-item__image\">\n            <img decoding=\"async\" src=\"https:\/\/etude-nr.ch\/wp-content\/uploads\/2025\/02\/Rubido_Portrait_Vallotton.jpg\" alt=\"\">\n                        <div class=\"team-item__linkedin\">\n              <a href=\"https:\/\/www.linkedin.com\/in\/matthieu-vallotton\/\" target=\"_blank\" rel=\"noopener noreferrer\">\n                <svg width=\"15\" height=\"15\" viewBox=\"0 0 15 15\" fill=\"none\" xmlns=\"http:\/\/www.w3.org\/2000\/svg\">\n                  <use href=\"#linkedIn-icon\"><\/use>\n                <\/svg>\n              <\/a>\n            <\/div>\n                      <\/div>\n                                <div class=\"team-item__content\">\n              <h2>Matthieu Vallotton, Notario<\/h2>\n<p>Titular de un M\u00e1ster en Derecho General y de un Certificado Transnacional de la Universidad de Ginebra.<\/p>\n<p>Miembro de la Comisi\u00f3n de Comunicaci\u00f3n de la <a href=\"https:\/\/notaires-geneve.ch\/fr\/accueil\" target=\"_blank\" rel=\"noopener\">Colegio Notarial de Ginebra<\/a> y miembro de la <a href=\"https:\/\/snv-fsn.ch\/fr\/\" target=\"_blank\" rel=\"noopener\">Federaci\u00f3n Suiza de Notarios<\/a>.<\/p>\n<p>Ma\u00eetre Vallotton ejerce como notario desde su nombramiento en 2025.<\/p>\n\n            <\/div>\n                  <\/div>\n      <\/div>\n            <div class=\"team__item team-item\" data-aos=\"fade-up\" data-aos-duration=\"1000\" data-aos-delay=\"150\">\n        <div class=\"team-item__inner\">\n                  <div class=\"team-item__image\">\n            <img decoding=\"async\" src=\"https:\/\/etude-nr.ch\/wp-content\/uploads\/2025\/02\/Rubido_Portrait_Mesin.jpg\" alt=\"\">\n                      <\/div>\n                                <div class=\"team-item__content\">\n              <h2>Aysel Mesin<\/h2>\n<p>Jurista<\/p>\n<p>Titular de un M\u00e1ster en Derecho de la Universidad de Lausanne.<\/p>\n<p>Habla alem\u00e1n y turco.<\/p>\n\n            <\/div>\n                  <\/div>\n      <\/div>\n            <div class=\"team__item team-item\" data-aos=\"fade-up\" data-aos-duration=\"1000\" data-aos-delay=\"150\">\n        <div class=\"team-item__inner\">\n                  <div class=\"team-item__image\">\n            <img decoding=\"async\" src=\"https:\/\/etude-nr.ch\/wp-content\/uploads\/2025\/02\/Rubido_Portrait_Cisse-2.jpg\" alt=\"\">\n                      <\/div>\n                                <div class=\"team-item__content\">\n              <h2>Pierre-Alain Ciss\u00e9<\/h2>\n<p>Oficial de Notar\u00eda<\/p>\n<p>Habla ingl\u00e9s, alem\u00e1n y espa\u00f1ol.<\/p>\n\n            <\/div>\n                  <\/div>\n      <\/div>\n            <div class=\"team__item team-item\" data-aos=\"fade-up\" data-aos-duration=\"1000\" data-aos-delay=\"150\">\n        <div class=\"team-item__inner\">\n                  <div class=\"team-item__image\">\n            <img decoding=\"async\" src=\"https:\/\/etude-nr.ch\/wp-content\/uploads\/2025\/02\/Rubido_Portrait_Suter.jpg\" alt=\"\">\n                        <div class=\"team-item__linkedin\">\n              <a href=\"https:\/\/www.linkedin.com\/in\/alejandra-suter-06a350357\/\" target=\"_blank\" rel=\"noopener noreferrer\">\n                <svg width=\"15\" height=\"15\" viewBox=\"0 0 15 15\" fill=\"none\" xmlns=\"http:\/\/www.w3.org\/2000\/svg\">\n                  <use href=\"#linkedIn-icon\"><\/use>\n                <\/svg>\n              <\/a>\n            <\/div>\n                      <\/div>\n                                <div class=\"team-item__content\">\n              <h2>Alejandra Suter<\/h2>\n<p>Contabilidad | RR. HH.<\/p>\n<p>Habla espa\u00f1ol.<\/p>\n\n            <\/div>\n                  <\/div>\n      <\/div>\n          <\/div>\n    \t<\/div>\n<\/section>\n","protected":false},"excerpt":{"rendered":"","protected":false},"author":4,"featured_media":0,"parent":0,"menu_order":0,"comment_status":"closed","ping_status":"closed","template":"","meta":{"_acf_changed":false,"footnotes":""},"class_list":["post-307","page","type-page","status-publish","hentry"],"acf":[],"_links":{"self":[{"href":"https:\/\/etude-nr.ch\/es\/wp-json\/wp\/v2\/pages\/307","targetHints":{"allow":["GET"]}}],"collection":[{"href":"https:\/\/etude-nr.ch\/es\/wp-json\/wp\/v2\/pages"}],"about":[{"href":"https:\/\/etude-nr.ch\/es\/wp-json\/wp\/v2\/types\/page"}],"author":[{"embeddable":true,"href":"https:\/\/etude-nr.ch\/es\/wp-json\/wp\/v2\/users\/4"}],"replies":[{"embeddable":true,"href":"https:\/\/etude-nr.ch\/es\/wp-json\/wp\/v2\/comments?post=307"}],"version-history":[{"count":18,"href":"https:\/\/etude-nr.ch\/es\/wp-json\/wp\/v2\/pages\/307\/revisions"}],"predecessor-version":[{"id":541,"href":"https:\/\/etude-nr.ch\/es\/wp-json\/wp\/v2\/pages\/307\/revisions\/541"}],"wp:attachment":[{"href":"https:\/\/etude-nr.ch\/es\/wp-json\/wp\/v2\/media?parent=307"}],"curies":[{"name":"wp","href":"https:\/\/api.w.org\/{rel}","templated":true}]}}