{"id":294,"date":"2024-12-23T07:44:17","date_gmt":"2024-12-23T06:44:17","guid":{"rendered":"https:\/\/rubido.law\/contact\/"},"modified":"2026-03-06T11:15:17","modified_gmt":"2026-03-06T10:15:17","slug":"contact","status":"publish","type":"page","link":"https:\/\/etude-nr.ch\/es\/contact\/","title":{"rendered":"Contacto"},"content":{"rendered":"<section class=\"section-hero \">\n          <div class=\"hero__background-image\"  style=\"background-image: url('https:\/\/etude-nr.ch\/wp-content\/uploads\/2026\/03\/EtudeNR_BG_4-scaled.jpg');\" >\n        <div class=\"hero__wrapper\" data-aos=\"fade-up\" data-aos-duration=\"1000\" data-aos-delay=\"150\">\n        <div class=\"sk-container\">\n          <div class=\"hero__inner\">\n            <div class=\"hero__box\">\n                              <p class=\"hero__title\">Notar\u00eda en Ginebra<\/p>\n                                            <div class=\"hero__content\">\n                  <h1>Contacte<br \/>\nnuestra notar\u00eda<br \/>\npara un apoyo<br \/>\npersonalizado.<\/h1>\n\n                <\/div>\n                                          <div class=\"hero__link\">\n                <a href=\"https:\/\/etude-nr.ch\/es\/contact\/#contact\" class=\"sk-btn sk-btn--white\" target=\"_self\">Contactar<\/a>\n              <\/div>\n                          <\/div>\n          <\/div>\n        <\/div>\n      <\/div>\n  <\/div>\n      <\/section>\n\n\n\n<section  id=\"contact\"  class=\"section-contact  section-overlap\" style=\"--padding-desktop: 1px; --padding-mobile: 1px\">\n\t<div class=\"sk-container\">\n    <div class=\"contact__outer\" data-aos=\"fade-up\" data-aos-duration=\"1000\" data-aos-delay=\"150\">\n      <div class=\"contact__wrapper\">\n                  <div class=\"contact__content\">\n            <h2>Notar\u00eda\u00a0 |\u00a0 NR<\/h2>\n<p><a href=\"tel:0041588009000\" target=\"_blank\" rel=\"noopener\">+41 58 800 90 00<\/a><br \/>\n<a href=\"mailto:etude@etude-nr.ch\" target=\"_blank\" rel=\"noopener\">etude@etude-nr.ch<\/a><\/p>\n<p><a href=\"https:\/\/www.google.com\/maps\/place\/Notaire+Rubido\/@46.1975807,6.1433464,19z\/data=!3m1!4b1!4m6!3m5!1s0x478c652ddfbdbfcd:0x30e0db4e65cb2602!8m2!3d46.1975807!4d6.1439931!16s%2Fg%2F1tx148bm?entry=ttu&amp;g_ep=EgoyMDI1MDcyMC4wIKXMDSoASAFQAw%3D%3D\" target=\"_blank\" rel=\"noopener\">Boulevard des Philosophes 7<\/a><br \/>\n1205 Ginebra<br \/>\nSuiza<\/p>\n<p><strong>Horario de la Secretar\u00eda<br \/>\n<\/strong>De martes a viernes, de 8:30 a.m. a 12:30 p.m.<br \/>\ny de 1:30 p.m. a 5:30 p.m.<\/p>\n<p><strong>Acceso<br \/>\n<\/strong>Aparcamiento p\u00fablico de Plainpalais<br \/>\nTransporte p\u00fablico: l\u00edneas 1, 12, 15, 18 y 32<\/p>\n\n          <\/div>\n                          <div class=\"contact__image\">\n                          <a href=\"https:\/\/notaires-geneve.ch\/fr\" target=\"_blank\">\n                <img decoding=\"async\" src=\"https:\/\/etude-nr.ch\/wp-content\/uploads\/2026\/02\/NotairesGeneve.svg\" alt=\"Side image\">\n              <\/a>\n              \n          <\/div>\n              <\/div>\n    <\/div>\n\t<\/div>\n<\/section>\n\n\n\n<section  class=\"section-form  \" style=\"--padding-desktop: 1px; --padding-mobile: 1px\">\n\t<div class=\"sk-container\">\n\t\t<div class=\"section-form__wrapper\" data-aos=\"fade-up\" data-aos-duration=\"1000\" data-aos-delay=\"150\">\n\t\t\t<div class=\"section-form__form\">\n\t\t\t\t<div class=\"sk-form\">\n\t\t\t\t\t<div class=\"loading hidden\"><\/div>\n\t\t\t\t\t<form action=\"POST\" class=\"js-sk-form\" autocomplete=\"off\">\n\t\t\t\t\t\t<div class=\"form\" data-anim-left data-start=\"top top-=-50%\">\n                            \n  <div class=\"sk-form__container text \" >\n    <div class=\"sk-form__field sk-form__field-text js-text js-container\"  data-placeholder=\"Empresa\" >\n\n              <input class=\"js-input\" type=\"text\" value=\"\" name=\"company\" id=\"contact-company\" autocomplete=\"off\">\n          <\/div>\n\n      <\/div>\n\n\n\t\t\t\t\t\t\t\t\t\t\t\t\t\t\n  <div class=\"sk-form__container text js-required\" >\n    <div class=\"sk-form__field sk-form__field-text js-text js-container\"  data-placeholder=\"Apellido *\" >\n\n              <input class=\"js-input\" type=\"text\" value=\"\" name=\"surname\" id=\"contact-surname\" autocomplete=\"off\">\n          <\/div>\n\n          <div class=\"sk-form__validation-message\">\n        Este campo es obligatorio\n      <\/div>\n      <\/div>\n\n\n                            \n  <div class=\"sk-form__container text js-required\" >\n    <div class=\"sk-form__field sk-form__field-text js-text js-container\"  data-placeholder=\"Nombre *\" >\n\n              <input class=\"js-input\" type=\"text\" value=\"\" name=\"name\" id=\"contact-name\" autocomplete=\"off\">\n          <\/div>\n\n          <div class=\"sk-form__validation-message\">\n        Este campo es obligatorio\n      <\/div>\n      <\/div>\n\n\n                            \n  <div class=\"sk-form__container tel js-required\" >\n    <div class=\"sk-form__field sk-form__field-tel js-tel js-container\"  data-placeholder=\"Tel\u00e9fono *\" >\n\n              <input class=\"js-input\" type=\"tel\" value=\"\" name=\"phone\" id=\"phone\" autocomplete=\"off\">\n          <\/div>\n\n          <div class=\"sk-form__validation-message\">\n        Este campo es obligatorio\n      <\/div>\n      <\/div>\n\n\n\t\t\t\t\t\t\t\t\t\t\t\t\t\t\n  <div class=\"sk-form__container email js-required\" >\n    <div class=\"sk-form__field sk-form__field-email js-email js-container\"  data-placeholder=\"Correo electr\u00f3nico *\" >\n\n              <input class=\"js-input\" type=\"email\" value=\"\" name=\"email\" id=\"contact-email\" autocomplete=\"off\">\n          <\/div>\n\n          <div class=\"sk-form__validation-message\">\n        Por favor, introduzca una direcci\u00f3n de correo electr\u00f3nico v\u00e1lida\n      <\/div>\n      <\/div>\n\n\n\t\t\t\t\t\t\t\t\t\t\t\t\t\t\n  <div class=\"sk-form__container textarea js-required\" >\n    <div class=\"sk-form__field sk-form__field-textarea js-textarea js-container\"  data-placeholder=\"Mensaje\" >\n\n              <textarea class=\"js-input\" name=\"inquiry\" id=\"contact-inquiry\"><\/textarea>\n          <\/div>\n\n          <div class=\"sk-form__validation-message\">\n        Este campo es obligatorio\n      <\/div>\n      <\/div>\n\n\n\t\t\t\t\t\t\t<input type=\"hidden\" name=\"subject\" value=\"Nouvelle requ\u00eate (ES)\">\n\t\t\t\t\t\t\t<input type=\"hidden\" name=\"action\" value=\"submit_form\">\n\n\t\t\t\t\t\t\t <altcha-widget\n\t\t\t\t\t\t\t\tname=\"altcha\"\n\t\t\t\t\t\t\t\tauto=\"onsubmit\"\n\t\t\t\t\t\t\t\tfloating\n\t\t\t\t\t\t\t\tchallengeurl=\"https:\/\/etude-nr.ch\/wp-admin\/admin-ajax.php?action=altcha_challenge\">\n\t\t\t\t\t\t\t<\/altcha-widget>\n\t\t\t\t\t\t\t\n\t\t\t\t\t\t\t<div class=\"sk-form__submit\">\n\t\t\t\t\t\t\t\t<button type=\"submit\">ENVIAR<\/button>\n\t\t\t\t\t\t\t<\/div>\n\t\t\t\t\t\t<\/div>\n\t\t\t\t\t<\/form>\n\t\t\t\t\t<div class=\"sk-form__submit-message js-form-message hidden\"><\/div>\n\t\t\t\t<\/div>\n\t\t\t<\/div>\n      <div class=\"section-form__text\">\n                <h2>Formulario de contacto<\/h2>\n              <\/div>\n\t\t<\/div>\n\t<\/div>\n<\/section>\n\n\n<section  data-aos=\"fade-up\" data-aos-duration=\"1000\" data-aos-delay=\"150\" class=\"section-map  \" style=\"--padding-desktop: 200px; --padding-mobile: 100px\">\n\t<div class=\"sk-container\">\n\t\t<div class=\"section-map__wrapper\">\n              <div class=\"section-map__title\">\n          <h2>Mapa de acceso<\/h2>\n        <\/div>\n            <div class=\"section-map__map-wrapper\">\n        <div class=\"map\">\n          <!-- \n          <div class=\"map__container js-map\">\n            <div class=\"map__marker\" data-lat=\"46.1975807\" data-lng=\"6.1439931\" data-name='Notaire Jos\u00e9-Miguel Rubido'><\/div>\n          <\/div>\n          -->\n\n          <div id=\"map-canvas\" class=\"map__container\" data-lat=\"46.1975807\" data-lng=\"6.1439931\" data-name='Notaire Jos\u00e9-Miguel Rubido'><\/div>\n\n        <\/div>\n      <\/div>\n    <\/div>\n\t<\/div>\n<\/section>\n\n<!--\n<script src=\"https:\/\/maps.googleapis.com\/maps\/api\/js?key=AIzaSyBocDZnRlemLW-6jLXnxrFQGGyONrjWb3Q&libraries=places,marker,geometry&loading=async&language=en\" async defer><\/script>\n-->","protected":false},"excerpt":{"rendered":"","protected":false},"author":4,"featured_media":0,"parent":0,"menu_order":0,"comment_status":"closed","ping_status":"closed","template":"","meta":{"_acf_changed":false,"footnotes":""},"class_list":["post-294","page","type-page","status-publish","hentry"],"acf":[],"_links":{"self":[{"href":"https:\/\/etude-nr.ch\/es\/wp-json\/wp\/v2\/pages\/294","targetHints":{"allow":["GET"]}}],"collection":[{"href":"https:\/\/etude-nr.ch\/es\/wp-json\/wp\/v2\/pages"}],"about":[{"href":"https:\/\/etude-nr.ch\/es\/wp-json\/wp\/v2\/types\/page"}],"author":[{"embeddable":true,"href":"https:\/\/etude-nr.ch\/es\/wp-json\/wp\/v2\/users\/4"}],"replies":[{"embeddable":true,"href":"https:\/\/etude-nr.ch\/es\/wp-json\/wp\/v2\/comments?post=294"}],"version-history":[{"count":17,"href":"https:\/\/etude-nr.ch\/es\/wp-json\/wp\/v2\/pages\/294\/revisions"}],"predecessor-version":[{"id":524,"href":"https:\/\/etude-nr.ch\/es\/wp-json\/wp\/v2\/pages\/294\/revisions\/524"}],"wp:attachment":[{"href":"https:\/\/etude-nr.ch\/es\/wp-json\/wp\/v2\/media?parent=294"}],"curies":[{"name":"wp","href":"https:\/\/api.w.org\/{rel}","templated":true}]}}