{"id":306,"date":"2024-12-23T07:43:18","date_gmt":"2024-12-23T06:43:18","guid":{"rendered":"https:\/\/rubido.law\/profils\/"},"modified":"2026-03-06T11:20:35","modified_gmt":"2026-03-06T10:20:35","slug":"team","status":"publish","type":"page","link":"https:\/\/etude-nr.ch\/en\/team\/","title":{"rendered":"Team"},"content":{"rendered":"<section class=\"section-hero \">\n          <div class=\"hero__background-image\"  style=\"background-image: url('https:\/\/etude-nr.ch\/wp-content\/uploads\/2026\/03\/EtudeNR_BG_2-scaled.jpg');\" >\n        <div class=\"hero__wrapper\" data-aos=\"fade-up\" data-aos-duration=\"1000\" data-aos-delay=\"150\">\n        <div class=\"sk-container\">\n          <div class=\"hero__inner\">\n            <div class=\"hero__box\">\n                              <p class=\"hero__title\">Notary Office in Geneva<\/p>\n                                            <div class=\"hero__content\">\n                  <h1>Your legal projects.<br \/>\nOur notarial commitment.<\/h1>\n\n                <\/div>\n                                          <div class=\"hero__link\">\n                <a href=\"https:\/\/etude-nr.ch\/en\/profils\/#team\" class=\"sk-btn sk-btn--white\" target=\"_self\">Meet Our Team<\/a>\n              <\/div>\n                          <\/div>\n          <\/div>\n        <\/div>\n      <\/div>\n  <\/div>\n      <\/section>\n\n\n\n<section  id=\"team\"  class=\"section-team  section-overlap\" style=\"--padding-desktop: 200px; --padding-mobile: 100px\">\n\t<div class=\"sk-container\">\n        <div class=\"team__wrapper\">\n            <div class=\"team__item team-item\" data-aos=\"fade-up\" data-aos-duration=\"1000\" data-aos-delay=\"150\">\n        <div class=\"team-item__inner\">\n                  <div class=\"team-item__image\">\n            <img decoding=\"async\" src=\"https:\/\/etude-nr.ch\/wp-content\/uploads\/2025\/02\/Rubido_Portrait_Rubido.jpg\" alt=\"\">\n                        <div class=\"team-item__linkedin\">\n              <a href=\"https:\/\/www.linkedin.com\/in\/jos%C3%A9-miguel-rubido-7359ba280\/\" target=\"_blank\" rel=\"noopener noreferrer\">\n                <svg width=\"15\" height=\"15\" viewBox=\"0 0 15 15\" fill=\"none\" xmlns=\"http:\/\/www.w3.org\/2000\/svg\">\n                  <use href=\"#linkedIn-icon\"><\/use>\n                <\/svg>\n              <\/a>\n            <\/div>\n                      <\/div>\n                                <div class=\"team-item__content\">\n              <h2>Prof. Dr. Jos\u00e9-Miguel Rubido, Notary<\/h2>\n<p>Professor at the Faculty of Law, Criminal Sciences, and Public Administration at the University of Lausanne. He teaches inheritance law, property law, and notarial law.<\/p>\n<p>Holder of a doctorate in real estate law and a DEA in rural land law from the University of Geneva, as well as a CAS in inheritance law from the University of Lausanne.<\/p>\n<p>Custodian of the Minutes of Ma\u00eetre Christian Goerg and Ma\u00eetre Cl\u00e9ment Deprez.<\/p>\n<p class=\"p1\">Former President of the <a href=\"https:\/\/notaires-geneve.ch\/fr\/accueil\" target=\"_blank\" rel=\"noopener\">Geneva Chamber of Notaries<\/a> (2021-2023), member of the <a href=\"https:\/\/snv-fsn.ch\/fr\/\" target=\"_blank\" rel=\"noopener\">Swiss Notaries Federation<\/a>, and member of the Council of the <a href=\"https:\/\/www.notariat-suisse.ch\/fra\/\" target=\"_blank\" rel=\"noopener\">Swiss Notariat Foundation Council<\/a>. He is also the Director of the <a href=\"https:\/\/www.unil.ch\/cdn\/fr\/home.html\" target=\"_blank\" rel=\"noopener\">Center for Notarial Law at the University of Lausanne<\/a> and a member of the editorial board of the journal <em><a href=\"https:\/\/www.notalex.ch\/\" target=\"_blank\" rel=\"noopener\">Notalex<\/a><\/em>.<\/p>\n<p>Ma\u00eetre Rubido has been practicing as a notary since his appointment in 2002.<\/p>\n<p>He speaks Spanish.<\/p>\n\n            <\/div>\n                  <\/div>\n      <\/div>\n            <div class=\"team__item team-item\" data-aos=\"fade-up\" data-aos-duration=\"1000\" data-aos-delay=\"150\">\n        <div class=\"team-item__inner\">\n                  <div class=\"team-item__image\">\n            <img decoding=\"async\" src=\"https:\/\/etude-nr.ch\/wp-content\/uploads\/2025\/02\/Rubido_Portrait_Vallotton.jpg\" alt=\"\">\n                        <div class=\"team-item__linkedin\">\n              <a href=\"https:\/\/www.linkedin.com\/in\/matthieu-vallotton\/\" target=\"_blank\" rel=\"noopener noreferrer\">\n                <svg width=\"15\" height=\"15\" viewBox=\"0 0 15 15\" fill=\"none\" xmlns=\"http:\/\/www.w3.org\/2000\/svg\">\n                  <use href=\"#linkedIn-icon\"><\/use>\n                <\/svg>\n              <\/a>\n            <\/div>\n                      <\/div>\n                                <div class=\"team-item__content\">\n              <h2>Matthieu Vallotton, Notary<\/h2>\n<p>Holder of a Master\u2019s degree in General Law and a Transnational Certificate from the University of Geneva.<\/p>\n<p>Member of the Communication Commission of the <a href=\"https:\/\/notaires-geneve.ch\/fr\/accueil\" target=\"_blank\" rel=\"noopener\">Geneva Chamber of Notaries<\/a> and member of the <a href=\"https:\/\/snv-fsn.ch\/fr\/\" target=\"_blank\" rel=\"noopener\">Swiss Notaries Federation<\/a>.<\/p>\n<p>Ma\u00eetre Vallotton has been practicing as a notary since his appointment in 2025.<\/p>\n\n            <\/div>\n                  <\/div>\n      <\/div>\n            <div class=\"team__item team-item\" data-aos=\"fade-up\" data-aos-duration=\"1000\" data-aos-delay=\"150\">\n        <div class=\"team-item__inner\">\n                  <div class=\"team-item__image\">\n            <img decoding=\"async\" src=\"https:\/\/etude-nr.ch\/wp-content\/uploads\/2025\/02\/Rubido_Portrait_Mesin.jpg\" alt=\"\">\n                      <\/div>\n                                <div class=\"team-item__content\">\n              <h2>Aysel Mesin<\/h2>\n<p>Jurist<\/p>\n<p>Holder of a Master\u2019s degree in Law from the University of Lausanne.<\/p>\n<p>She speaks German and Turkish.<\/p>\n\n            <\/div>\n                  <\/div>\n      <\/div>\n            <div class=\"team__item team-item\" data-aos=\"fade-up\" data-aos-duration=\"1000\" data-aos-delay=\"150\">\n        <div class=\"team-item__inner\">\n                  <div class=\"team-item__image\">\n            <img decoding=\"async\" src=\"https:\/\/etude-nr.ch\/wp-content\/uploads\/2025\/02\/Rubido_Portrait_Cisse-2.jpg\" alt=\"\">\n                      <\/div>\n                                <div class=\"team-item__content\">\n              <h2>Pierre-Alain Ciss\u00e9<\/h2>\n<p>Notary Clerk<\/p>\n<p>He speaks English, German and Spanish.<\/p>\n\n            <\/div>\n                  <\/div>\n      <\/div>\n            <div class=\"team__item team-item\" data-aos=\"fade-up\" data-aos-duration=\"1000\" data-aos-delay=\"150\">\n        <div class=\"team-item__inner\">\n                  <div class=\"team-item__image\">\n            <img decoding=\"async\" src=\"https:\/\/etude-nr.ch\/wp-content\/uploads\/2025\/02\/Rubido_Portrait_Suter.jpg\" alt=\"\">\n                        <div class=\"team-item__linkedin\">\n              <a href=\"https:\/\/www.linkedin.com\/in\/alejandra-suter-06a350357\/\" target=\"_blank\" rel=\"noopener noreferrer\">\n                <svg width=\"15\" height=\"15\" viewBox=\"0 0 15 15\" fill=\"none\" xmlns=\"http:\/\/www.w3.org\/2000\/svg\">\n                  <use href=\"#linkedIn-icon\"><\/use>\n                <\/svg>\n              <\/a>\n            <\/div>\n                      <\/div>\n                                <div class=\"team-item__content\">\n              <h2>Alejandra Suter<\/h2>\n<p>Accounting\u00a0 |\u00a0 HR<\/p>\n<p>She speaks Spanish.<\/p>\n\n            <\/div>\n                  <\/div>\n      <\/div>\n          <\/div>\n    \t<\/div>\n<\/section>\n","protected":false},"excerpt":{"rendered":"","protected":false},"author":4,"featured_media":0,"parent":0,"menu_order":0,"comment_status":"closed","ping_status":"closed","template":"","meta":{"_acf_changed":false,"footnotes":""},"class_list":["post-306","page","type-page","status-publish","hentry"],"acf":[],"_links":{"self":[{"href":"https:\/\/etude-nr.ch\/en\/wp-json\/wp\/v2\/pages\/306","targetHints":{"allow":["GET"]}}],"collection":[{"href":"https:\/\/etude-nr.ch\/en\/wp-json\/wp\/v2\/pages"}],"about":[{"href":"https:\/\/etude-nr.ch\/en\/wp-json\/wp\/v2\/types\/page"}],"author":[{"embeddable":true,"href":"https:\/\/etude-nr.ch\/en\/wp-json\/wp\/v2\/users\/4"}],"replies":[{"embeddable":true,"href":"https:\/\/etude-nr.ch\/en\/wp-json\/wp\/v2\/comments?post=306"}],"version-history":[{"count":14,"href":"https:\/\/etude-nr.ch\/en\/wp-json\/wp\/v2\/pages\/306\/revisions"}],"predecessor-version":[{"id":540,"href":"https:\/\/etude-nr.ch\/en\/wp-json\/wp\/v2\/pages\/306\/revisions\/540"}],"wp:attachment":[{"href":"https:\/\/etude-nr.ch\/en\/wp-json\/wp\/v2\/media?parent=306"}],"curies":[{"name":"wp","href":"https:\/\/api.w.org\/{rel}","templated":true}]}}